{"id":294,"date":"2023-12-19T09:52:37","date_gmt":"2023-12-19T12:52:37","guid":{"rendered":"https:\/\/carditas.com\/?page_id=294"},"modified":"2024-01-15T16:20:36","modified_gmt":"2024-01-15T19:20:36","slug":"terrenos","status":"publish","type":"page","link":"https:\/\/carditas.com\/index.php\/terrenos\/","title":{"rendered":"Terrenos"},"content":{"rendered":"\t\t<div data-elementor-type=\"wp-page\" data-elementor-id=\"294\" class=\"elementor elementor-294\" data-elementor-post-type=\"page\">\n\t\t\t\t\t\t<section class=\"elementor-section elementor-top-section elementor-element elementor-element-38e43526 elementor-section-boxed elementor-section-height-default elementor-section-height-default\" data-id=\"38e43526\" data-element_type=\"section\" data-settings=\"{&quot;background_background&quot;:&quot;classic&quot;}\">\n\t\t\t\t\t\t\t<div class=\"elementor-background-overlay\"><\/div>\n\t\t\t\t\t\t\t<div class=\"elementor-container elementor-column-gap-default\">\n\t\t\t\t\t<div class=\"elementor-column elementor-col-100 elementor-top-column elementor-element elementor-element-544d4ff4\" data-id=\"544d4ff4\" data-element_type=\"column\">\n\t\t\t<div class=\"elementor-widget-wrap elementor-element-populated\">\n\t\t\t\t\t\t<div class=\"elementor-element elementor-element-7665b247 elementor-widget elementor-widget-elementskit-heading\" data-id=\"7665b247\" data-element_type=\"widget\" data-widget_type=\"elementskit-heading.default\">\n\t\t\t\t<div class=\"elementor-widget-container\">\n\t\t\t<div class=\"ekit-wid-con\" ><div class=\"ekit-heading elementskit-section-title-wraper text_center   ekit_heading_tablet-   ekit_heading_mobile-\"><h1 class=\"ekit-heading--title elementskit-section-title \">Tu refugio <span><span>serrano<\/span><\/h1><\/div><\/div>\t\t<\/div>\n\t\t\t\t<\/div>\n\t\t\t\t<div class=\"elementor-element elementor-element-63df4cf4 elementor-widget elementor-widget-text-editor\" data-id=\"63df4cf4\" data-element_type=\"widget\" data-widget_type=\"text-editor.default\">\n\t\t\t\t<div class=\"elementor-widget-container\">\n\t\t\t\t\t\t\t<p><span style=\"font-weight: 400;\">Carditas te ofrece terrenos donde pod\u00e9s tener tu lugar en en el mundo,\u00a0 brind\u00e1ndote la oportunidad de\u00a0 desacelerar y vivir el momento, lejos del estr\u00e9s y las preocupaciones cotidianas.<\/span><\/p>\t\t\t\t\t\t<\/div>\n\t\t\t\t<\/div>\n\t\t\t\t\t<\/div>\n\t\t<\/div>\n\t\t\t\t\t<\/div>\n\t\t<\/section>\n\t\t<div class=\"elementor-element elementor-element-2387ab9 e-flex e-con-boxed e-con e-parent\" data-id=\"2387ab9\" data-element_type=\"container\">\n\t\t\t\t\t<div class=\"e-con-inner\">\n\t\t<div class=\"elementor-element elementor-element-91881af e-con-full e-flex e-con e-child\" data-id=\"91881af\" data-element_type=\"container\">\n\t\t\t\t<div class=\"elementor-element elementor-element-a56c4df elementor-widget elementor-widget-image\" data-id=\"a56c4df\" data-element_type=\"widget\" data-widget_type=\"image.default\">\n\t\t\t\t<div class=\"elementor-widget-container\">\n\t\t\t\t\t\t\t\t\t\t\t\t\t<img fetchpriority=\"high\" decoding=\"async\" width=\"800\" height=\"600\" src=\"https:\/\/carditas.com\/wp-content\/uploads\/2023\/12\/P1140672-1024x768.jpg\" class=\"attachment-large size-large wp-image-485\" alt=\"\" srcset=\"https:\/\/carditas.com\/wp-content\/uploads\/2023\/12\/P1140672-1024x768.jpg 1024w, https:\/\/carditas.com\/wp-content\/uploads\/2023\/12\/P1140672-300x225.jpg 300w, https:\/\/carditas.com\/wp-content\/uploads\/2023\/12\/P1140672-768x576.jpg 768w, https:\/\/carditas.com\/wp-content\/uploads\/2023\/12\/P1140672-1536x1152.jpg 1536w, https:\/\/carditas.com\/wp-content\/uploads\/2023\/12\/P1140672-2048x1536.jpg 2048w\" sizes=\"(max-width: 800px) 100vw, 800px\" \/>\t\t\t\t\t\t\t\t\t\t\t\t\t<\/div>\n\t\t\t\t<\/div>\n\t\t\t\t<\/div>\n\t\t<div class=\"elementor-element elementor-element-62aec5a e-con-full e-flex e-con e-child\" data-id=\"62aec5a\" data-element_type=\"container\">\n\t\t<div class=\"elementor-element elementor-element-bfe93e9 e-flex e-con-boxed e-con e-child\" data-id=\"bfe93e9\" data-element_type=\"container\">\n\t\t\t\t\t<div class=\"e-con-inner\">\n\t\t\t\t<div class=\"elementor-element elementor-element-0625a81 elementor-widget elementor-widget-heading\" data-id=\"0625a81\" data-element_type=\"widget\" data-widget_type=\"heading.default\">\n\t\t\t\t<div class=\"elementor-widget-container\">\n\t\t\t<h2 class=\"elementor-heading-title elementor-size-default\">Un lugar \u00fanico para vos<\/h2>\t\t<\/div>\n\t\t\t\t<\/div>\n\t\t\t\t\t<\/div>\n\t\t\t\t<\/div>\n\t\t<div class=\"elementor-element elementor-element-a5126af e-flex e-con-boxed e-con e-child\" data-id=\"a5126af\" data-element_type=\"container\">\n\t\t\t\t\t<div class=\"e-con-inner\">\n\t\t\t\t<div class=\"elementor-element elementor-element-5d637b4 elementor-widget elementor-widget-text-editor\" data-id=\"5d637b4\" data-element_type=\"widget\" data-widget_type=\"text-editor.default\">\n\t\t\t\t<div class=\"elementor-widget-container\">\n\t\t\t\t\t\t\t<p>Los terrenos de Carditas, Refugio serrano tienen una gran variedad. Cada uno con su encanto \u00fanico. Las superficies son entre\u00a0 6500 mt\u00b2 a 17.000mt\u00b2.<\/p><p>Su dise\u00f1o y planificaci\u00f3n fueron\u00a0 realizados cuidadosamente, teniendo en cuenta los l\u00edmites topogr\u00e1ficos para que cada uno de sus terrenos tenga absuluta privacidad.\u00a0<\/p><p>Es por ello que ver\u00e1s terrenos con formas irregurales y totalmente diferentes entre s\u00ed.\u00a0<\/p><p>Te ofrecemos varias opciones, cada una con su propio encanto, para que puedas elegir lo que m\u00e1s te guste.\u00a0<\/p>\t\t\t\t\t\t<\/div>\n\t\t\t\t<\/div>\n\t\t\t\t\t<\/div>\n\t\t\t\t<\/div>\n\t\t\t\t<\/div>\n\t\t\t\t\t<\/div>\n\t\t\t\t<\/div>\n\t\t<div class=\"elementor-element elementor-element-4a3c2b3 e-flex e-con-boxed e-con e-parent\" data-id=\"4a3c2b3\" data-element_type=\"container\">\n\t\t\t\t\t<div class=\"e-con-inner\">\n\t\t\t\t<div class=\"elementor-element elementor-element-d51bd63 elementor-widget elementor-widget-heading\" data-id=\"d51bd63\" data-element_type=\"widget\" data-widget_type=\"heading.default\">\n\t\t\t\t<div class=\"elementor-widget-container\">\n\t\t\t<h3 class=\"elementor-heading-title elementor-size-default\">Ubicaci\u00f3n<\/h3>\t\t<\/div>\n\t\t\t\t<\/div>\n\t\t\t\t\t<\/div>\n\t\t\t\t<\/div>\n\t\t<div class=\"elementor-element elementor-element-b2e3089 e-flex e-con-boxed e-con e-parent\" data-id=\"b2e3089\" data-element_type=\"container\">\n\t\t\t\t\t<div class=\"e-con-inner\">\n\t\t\t\t<div class=\"elementor-element elementor-element-0b12f77 elementor-widget elementor-widget-text-editor\" data-id=\"0b12f77\" data-element_type=\"widget\" data-widget_type=\"text-editor.default\">\n\t\t\t\t<div class=\"elementor-widget-container\">\n\t\t\t\t\t\t\t<p><b>San Clemente<\/b>\u00a0es una localidad situada en el departamente de Santa Mar\u00eda, Provincia de C\u00f3rdoba, Argentina.<\/p><p>Se encuentra situada a 72 km de la Ciudad de C\u00f3rdoba, <span style=\"font-weight: 400;\">\u00a0a 32 kil\u00f3metros de Villa Carlos Paz y a 88 km de Villa Allende<\/span><\/p>\t\t\t\t\t\t<\/div>\n\t\t\t\t<\/div>\n\t\t\t\t\t<\/div>\n\t\t\t\t<\/div>\n\t\t<div class=\"elementor-element elementor-element-d09c8e1 e-flex e-con-boxed e-con e-parent\" data-id=\"d09c8e1\" data-element_type=\"container\">\n\t\t\t\t\t<div class=\"e-con-inner\">\n\t\t<div class=\"elementor-element elementor-element-02fca9b e-con-full e-flex e-con e-child\" data-id=\"02fca9b\" data-element_type=\"container\">\n\t\t\t\t<div class=\"elementor-element elementor-element-eb254fa elementor-widget elementor-widget-image\" data-id=\"eb254fa\" data-element_type=\"widget\" data-widget_type=\"image.default\">\n\t\t\t\t<div class=\"elementor-widget-container\">\n\t\t\t\t\t\t\t\t\t\t\t\t\t<img decoding=\"async\" width=\"473\" height=\"724\" src=\"https:\/\/carditas.com\/wp-content\/uploads\/2023\/12\/Mapa.jpg\" class=\"attachment-large size-large wp-image-310\" alt=\"\" srcset=\"https:\/\/carditas.com\/wp-content\/uploads\/2023\/12\/Mapa.jpg 473w, https:\/\/carditas.com\/wp-content\/uploads\/2023\/12\/Mapa-196x300.jpg 196w\" sizes=\"(max-width: 473px) 100vw, 473px\" \/>\t\t\t\t\t\t\t\t\t\t\t\t\t<\/div>\n\t\t\t\t<\/div>\n\t\t\t\t<\/div>\n\t\t<div class=\"elementor-element elementor-element-f6e6c44 e-con-full e-flex e-con e-child\" data-id=\"f6e6c44\" data-element_type=\"container\">\n\t\t\t\t<div class=\"elementor-element elementor-element-6184292 elementor-widget elementor-widget-image\" data-id=\"6184292\" data-element_type=\"widget\" data-widget_type=\"image.default\">\n\t\t\t\t<div class=\"elementor-widget-container\">\n\t\t\t\t\t\t\t\t\t\t\t\t\t<img decoding=\"async\" width=\"473\" height=\"724\" src=\"https:\/\/carditas.com\/wp-content\/uploads\/2023\/12\/WhatsApp-Image-2023-12-05-at-14.55.11-1.jpeg\" class=\"attachment-large size-large wp-image-306\" alt=\"\" srcset=\"https:\/\/carditas.com\/wp-content\/uploads\/2023\/12\/WhatsApp-Image-2023-12-05-at-14.55.11-1.jpeg 473w, https:\/\/carditas.com\/wp-content\/uploads\/2023\/12\/WhatsApp-Image-2023-12-05-at-14.55.11-1-196x300.jpeg 196w\" sizes=\"(max-width: 473px) 100vw, 473px\" \/>\t\t\t\t\t\t\t\t\t\t\t\t\t<\/div>\n\t\t\t\t<\/div>\n\t\t\t\t<\/div>\n\t\t<div class=\"elementor-element elementor-element-9ebedcd e-con-full e-flex e-con e-child\" data-id=\"9ebedcd\" data-element_type=\"container\">\n\t\t\t\t<div class=\"elementor-element elementor-element-cfeaf28 elementor-widget elementor-widget-image\" data-id=\"cfeaf28\" data-element_type=\"widget\" data-widget_type=\"image.default\">\n\t\t\t\t<div class=\"elementor-widget-container\">\n\t\t\t\t\t\t\t\t\t\t\t\t\t<img loading=\"lazy\" decoding=\"async\" width=\"1108\" height=\"1536\" src=\"https:\/\/carditas.com\/wp-content\/uploads\/2024\/01\/Plano-general-con-primera-etapa-marcada-1108x1536.jpg\" class=\"attachment-1536x1536 size-1536x1536 wp-image-1385\" alt=\"\" srcset=\"https:\/\/carditas.com\/wp-content\/uploads\/2024\/01\/Plano-general-con-primera-etapa-marcada-1108x1536.jpg 1108w, https:\/\/carditas.com\/wp-content\/uploads\/2024\/01\/Plano-general-con-primera-etapa-marcada-216x300.jpg 216w, https:\/\/carditas.com\/wp-content\/uploads\/2024\/01\/Plano-general-con-primera-etapa-marcada-739x1024.jpg 739w, https:\/\/carditas.com\/wp-content\/uploads\/2024\/01\/Plano-general-con-primera-etapa-marcada-768x1065.jpg 768w, https:\/\/carditas.com\/wp-content\/uploads\/2024\/01\/Plano-general-con-primera-etapa-marcada.jpg 1154w\" sizes=\"(max-width: 1108px) 100vw, 1108px\" \/>\t\t\t\t\t\t\t\t\t\t\t\t\t<\/div>\n\t\t\t\t<\/div>\n\t\t\t\t<\/div>\n\t\t\t\t\t<\/div>\n\t\t\t\t<\/div>\n\t\t<div class=\"elementor-element elementor-element-d620ab2 e-flex e-con-boxed e-con e-parent\" data-id=\"d620ab2\" data-element_type=\"container\">\n\t\t\t\t\t<div class=\"e-con-inner\">\n\t\t\t\t<div class=\"elementor-element elementor-element-f1969ed elementor--h-position-center elementor--v-position-middle elementor-arrows-position-inside elementor-pagination-position-inside elementor-widget elementor-widget-slides\" data-id=\"f1969ed\" data-element_type=\"widget\" data-settings=\"{&quot;navigation&quot;:&quot;both&quot;,&quot;autoplay&quot;:&quot;yes&quot;,&quot;pause_on_hover&quot;:&quot;yes&quot;,&quot;pause_on_interaction&quot;:&quot;yes&quot;,&quot;autoplay_speed&quot;:5000,&quot;infinite&quot;:&quot;yes&quot;,&quot;transition&quot;:&quot;slide&quot;,&quot;transition_speed&quot;:500}\" data-widget_type=\"slides.default\">\n\t\t\t\t<div class=\"elementor-widget-container\">\n\t\t\t\t\t<div class=\"elementor-swiper\">\n\t\t\t<div class=\"elementor-slides-wrapper elementor-main-swiper swiper\" dir=\"ltr\" data-animation=\"fadeInUp\">\n\t\t\t\t<div class=\"swiper-wrapper elementor-slides\">\n\t\t\t\t\t\t\t\t\t\t<div class=\"elementor-repeater-item-1327594 swiper-slide\"><div class=\"swiper-slide-bg\" role=\"img\"><\/div><div class=\"swiper-slide-inner\" ><div class=\"swiper-slide-contents\"><div class=\"elementor-slide-heading\"> Reconectar con la naturaleza.<\/div><\/div><\/div><\/div><div class=\"elementor-repeater-item-669c290 swiper-slide\"><div class=\"swiper-slide-bg\" role=\"img\"><\/div><div class=\"swiper-slide-inner\" ><div class=\"swiper-slide-contents\"><div class=\"elementor-slide-heading\"> Tranquilidad y belleza<\/div><\/div><\/div><\/div><div class=\"elementor-repeater-item-3ab5869 swiper-slide\"><div class=\"swiper-slide-bg\" role=\"img\"><\/div><div class=\"swiper-slide-inner\" ><div class=\"swiper-slide-contents\"><div class=\"elementor-slide-heading\">Refugio de paz y tranquilidad<\/div><\/div><\/div><\/div><div class=\"elementor-repeater-item-727b620 swiper-slide\"><div class=\"swiper-slide-bg\" role=\"img\"><\/div><div class=\"swiper-slide-inner\" ><div class=\"swiper-slide-contents\"><div class=\"elementor-slide-heading\">Experiencia de vida<\/div><\/div><\/div><\/div><div class=\"elementor-repeater-item-47812a1 swiper-slide\"><div class=\"swiper-slide-bg\" role=\"img\"><\/div><div class=\"swiper-slide-inner\" ><div class=\"swiper-slide-contents\"><div class=\"elementor-slide-heading\">Vivir el momento<\/div><\/div><\/div><\/div>\t\t\t\t<\/div>\n\t\t\t\t\t\t\t\t\t\t\t\t\t\t\t<div class=\"swiper-pagination\"><\/div>\n\t\t\t\t\t\t\t\t\t\t\t\t\t\t\t\t<div class=\"elementor-swiper-button elementor-swiper-button-prev\" role=\"button\" tabindex=\"0\">\n\t\t\t\t\t\t\t<svg aria-hidden=\"true\" class=\"e-font-icon-svg e-eicon-chevron-left\" viewBox=\"0 0 1000 1000\" xmlns=\"http:\/\/www.w3.org\/2000\/svg\"><path d=\"M646 125C629 125 613 133 604 142L308 442C296 454 292 471 292 487 292 504 296 521 308 533L604 854C617 867 629 875 646 875 663 875 679 871 692 858 704 846 713 829 713 812 713 796 708 779 692 767L438 487 692 225C700 217 708 204 708 187 708 171 704 154 692 142 675 129 663 125 646 125Z\"><\/path><\/svg>\t\t\t\t\t\t\t<span class=\"elementor-screen-only\">Previous slide<\/span>\n\t\t\t\t\t\t<\/div>\n\t\t\t\t\t\t<div class=\"elementor-swiper-button elementor-swiper-button-next\" role=\"button\" tabindex=\"0\">\n\t\t\t\t\t\t\t<svg aria-hidden=\"true\" class=\"e-font-icon-svg e-eicon-chevron-right\" viewBox=\"0 0 1000 1000\" xmlns=\"http:\/\/www.w3.org\/2000\/svg\"><path d=\"M696 533C708 521 713 504 713 487 713 471 708 454 696 446L400 146C388 133 375 125 354 125 338 125 325 129 313 142 300 154 292 171 292 187 292 204 296 221 308 233L563 492 304 771C292 783 288 800 288 817 288 833 296 850 308 863 321 871 338 875 354 875 371 875 388 867 400 854L696 533Z\"><\/path><\/svg>\t\t\t\t\t\t\t<span class=\"elementor-screen-only\">Next slide<\/span>\n\t\t\t\t\t\t<\/div>\n\t\t\t\t\t\t\t\t\t\t\t\t<\/div>\n\t\t<\/div>\n\t\t\t\t<\/div>\n\t\t\t\t<\/div>\n\t\t\t\t\t<\/div>\n\t\t\t\t<\/div>\n\t\t\t\t<section class=\"elementor-section elementor-top-section elementor-element elementor-element-2ea6608 elementor-section-boxed elementor-section-height-default elementor-section-height-default\" data-id=\"2ea6608\" data-element_type=\"section\" data-settings=\"{&quot;background_background&quot;:&quot;classic&quot;,&quot;shape_divider_bottom&quot;:&quot;split&quot;}\">\n\t\t\t\t\t<div class=\"elementor-shape elementor-shape-bottom\" data-negative=\"false\">\n\t\t\t<svg xmlns=\"http:\/\/www.w3.org\/2000\/svg\" viewBox=\"0 0 1000 20\" preserveAspectRatio=\"none\">\n\t<path class=\"elementor-shape-fill\" d=\"M0,0v3c0,0,393.8,0,483.4,0c9.2,0,16.6,7.4,16.6,16.6c0-9.1,7.4-16.6,16.6-16.6C606.2,3,1000,3,1000,3V0H0z\"\/>\n<\/svg>\t\t<\/div>\n\t\t\t\t\t<div class=\"elementor-container elementor-column-gap-default\">\n\t\t\t\t\t<div class=\"elementor-column elementor-col-100 elementor-top-column elementor-element elementor-element-fd8ab0e\" data-id=\"fd8ab0e\" data-element_type=\"column\">\n\t\t\t<div class=\"elementor-widget-wrap\">\n\t\t\t\t\t\t\t<\/div>\n\t\t<\/div>\n\t\t\t\t\t<\/div>\n\t\t<\/section>\n\t\t\t\t<\/div>\n\t\t","protected":false},"excerpt":{"rendered":"<p>Tu refugio serrano Carditas te ofrece terrenos donde pod\u00e9s tener tu lugar en en el mundo,\u00a0 brind\u00e1ndote la oportunidad de\u00a0 desacelerar y vivir el momento, lejos del estr\u00e9s y las preocupaciones cotidianas. Un lugar \u00fanico para vos Los terrenos de Carditas, Refugio serrano tienen una gran variedad. Cada uno con su encanto \u00fanico. Las superficies [&hellip;]<\/p>\n","protected":false},"author":2,"featured_media":0,"parent":0,"menu_order":0,"comment_status":"closed","ping_status":"closed","template":"elementor_header_footer","meta":{"footnotes":""},"_links":{"self":[{"href":"https:\/\/carditas.com\/index.php\/wp-json\/wp\/v2\/pages\/294"}],"collection":[{"href":"https:\/\/carditas.com\/index.php\/wp-json\/wp\/v2\/pages"}],"about":[{"href":"https:\/\/carditas.com\/index.php\/wp-json\/wp\/v2\/types\/page"}],"author":[{"embeddable":true,"href":"https:\/\/carditas.com\/index.php\/wp-json\/wp\/v2\/users\/2"}],"replies":[{"embeddable":true,"href":"https:\/\/carditas.com\/index.php\/wp-json\/wp\/v2\/comments?post=294"}],"version-history":[{"count":127,"href":"https:\/\/carditas.com\/index.php\/wp-json\/wp\/v2\/pages\/294\/revisions"}],"predecessor-version":[{"id":1388,"href":"https:\/\/carditas.com\/index.php\/wp-json\/wp\/v2\/pages\/294\/revisions\/1388"}],"wp:attachment":[{"href":"https:\/\/carditas.com\/index.php\/wp-json\/wp\/v2\/media?parent=294"}],"curies":[{"name":"wp","href":"https:\/\/api.w.org\/{rel}","templated":true}]}}